{"id":6042,"date":"2018-07-04T15:03:26","date_gmt":"2018-07-04T14:03:26","guid":{"rendered":"http:\/\/www.escueladerespiracion.com\/?page_id=6042"},"modified":"2018-08-24T12:24:54","modified_gmt":"2018-08-24T11:24:54","slug":"bibliografia-de-rebirthing","status":"publish","type":"page","link":"https:\/\/www.escueladerespiracion.com\/index.php\/bibliografia-de-rebirthing\/","title":{"rendered":"Bibliograf\u00eda de Rebirthing"},"content":{"rendered":"<p><strong><span style=\"text-decoration: underline;\">BIBLIOGRAF\u00cdA DE REBIRTHING<\/span><\/strong><\/p>\n<p>&#8220;<span class=\"azul_normal\">RESPIRA<\/span>&#8220;. Natividad Jim\u00e9nez. Ob Stare.<br \/>\n\u201c<span class=\"azul_normal\">Renacimiento en la Nueva Era<\/span>\u201d. Sondra Ray + Leonard Orr. NEO PERSON<br \/>\n\u201c<span class=\"azul_normal\">Celebrando la Respiraci\u00f3n<\/span>\u201d. Sondra Ray. NEO PERSON<br \/>\n\u201c<span class=\"azul_normal\">Respiraci\u00f3n y Esp\u00edritu<\/span>\u201d. Gunnel Minett. KIER.<br \/>\n\u201c<span class=\"azul_normal\">La Respiraci\u00f3n Consciente<\/span>\u201d. Gay Hendricks. Urano.<br \/>\n\u201c<span class=\"azul_normal\">El Poder de Transformaci\u00f3n. Rebirthing &#8211; Renacimiento<\/span>\u201d. Pilar Mar\u00ednez Domingo. Mandala.<br \/>\n\u201c<span class=\"azul_normal\">Rebirthing. El poder curativo de la respiraci\u00f3n Consciente<\/span>\u201d. Silvia Canevaro. Tikal.<\/p>\n<p>&#8220;<span class=\"azul_normal\">Maxim\u00edzate. 10 caminos para lograr todo tu potencial<\/span>&#8220;. Bob Mandel. Ob Stare.<br \/>\n\u201c<span class=\"azul_normal\">Terapia a coraz\u00f3n abierto<\/span>\u201d. Bob Mandel<br \/>\n\u201c<span class=\"azul_normal\">Yo merezco amor<\/span>\u201d. Sondra Ray. NEO PERSON<br \/>\n\u201c<span class=\"azul_normal\">La \u00fanica Dieta<\/span>\u201d. Sondra Ray. NEO PERSON<br \/>\n\u201c<span class=\"azul_normal\">Nacimiento y Relaciones<\/span>\u201d. Sondra Ray + Bob Mandel. NEO PERSON<br \/>\n\u201c<span class=\"azul_normal\">Relaciones con Amor<\/span>\u201d Sondra Ray.<\/p>\n<p>\u201c<span class=\"azul_normal\">Inmortalidad<\/span>&#8220;. Sondra Ray.<br \/>\n\u201c<span class=\"azul_normal\">El sentido com\u00fan de la Inmortalidad F\u00edsica<\/span>\u201d Leonard Orr.<br \/>\n\u201c<span class=\"azul_normal\">Vencer el h\u00e1bito de morir: C\u00f3mo alcanzar la inmortalidad f\u00edsica<\/span>\u201d. Leonard Orr.<br \/>\n\u201c<span class=\"azul_normal\">La estrella del Mago<\/span>\u201d. Jacinto Alegre Valls. Editorial Humanitas.<\/p>\n<p>\u201c<span class=\"azul_normal\">Evoluci\u00f3n sexual<\/span>\u201d. (C\u00f3mo afectan tu nacimiento y renacimiento a tu sexualidad y qu\u00e9 hacer al respecto). Rhonda Levand. MANDALA.<br \/>\n\u201c<span class=\"azul_normal\">Vivation<\/span>\u201d . Phil Laut + Jim Leonard .OBELISCO<\/p>\n<p>\u201c<span class=\"azul_normal\">El dinero es mi amigo<\/span>\u201d. Phil Laut. OBELISCO<\/p>\n<p>&nbsp;<\/p>\n","protected":false},"excerpt":{"rendered":"<p>BIBLIOGRAF\u00cdA DE REBIRTHING &#8220;RESPIRA&#8220;. Natividad Jim\u00e9nez. Ob Stare. \u201cRenacimiento en la Nueva Era\u201d. Sondra Ray + Leonard Orr. NEO PERSON \u201cCelebrando la Respiraci\u00f3n\u201d. Sondra Ray. NEO PERSON \u201cRespiraci\u00f3n y Esp\u00edritu\u201d. Gunnel Minett. KIER. \u201cLa Respiraci\u00f3n Consciente\u201d. Gay Hendricks. Urano. \u201cEl Poder de Transformaci\u00f3n. Rebirthing &#8211; Renacimiento\u201d. Pilar Mar\u00ednez Domingo. Mandala. \u201cRebirthing. El poder curativo de&#8230;<\/p>\n","protected":false},"author":1,"featured_media":0,"parent":0,"menu_order":0,"comment_status":"closed","ping_status":"closed","template":"","meta":[],"acf":[],"_links":{"self":[{"href":"https:\/\/www.escueladerespiracion.com\/index.php\/wp-json\/wp\/v2\/pages\/6042"}],"collection":[{"href":"https:\/\/www.escueladerespiracion.com\/index.php\/wp-json\/wp\/v2\/pages"}],"about":[{"href":"https:\/\/www.escueladerespiracion.com\/index.php\/wp-json\/wp\/v2\/types\/page"}],"author":[{"embeddable":true,"href":"https:\/\/www.escueladerespiracion.com\/index.php\/wp-json\/wp\/v2\/users\/1"}],"replies":[{"embeddable":true,"href":"https:\/\/www.escueladerespiracion.com\/index.php\/wp-json\/wp\/v2\/comments?post=6042"}],"version-history":[{"count":2,"href":"https:\/\/www.escueladerespiracion.com\/index.php\/wp-json\/wp\/v2\/pages\/6042\/revisions"}],"predecessor-version":[{"id":6061,"href":"https:\/\/www.escueladerespiracion.com\/index.php\/wp-json\/wp\/v2\/pages\/6042\/revisions\/6061"}],"wp:attachment":[{"href":"https:\/\/www.escueladerespiracion.com\/index.php\/wp-json\/wp\/v2\/media?parent=6042"}],"curies":[{"name":"wp","href":"https:\/\/api.w.org\/{rel}","templated":true}]}}