{"id":5769,"date":"2018-06-07T15:22:17","date_gmt":"2018-06-07T15:22:17","guid":{"rendered":"http:\/\/www.escueladerespiracion.com\/?page_id=5769"},"modified":"2021-09-02T12:05:14","modified_gmt":"2021-09-02T11:05:14","slug":"actividades-permanentes","status":"publish","type":"page","link":"https:\/\/www.escueladerespiracion.com\/index.php\/actividades-permanentes\/","title":{"rendered":"Clases de Respiraci\u00f3n"},"content":{"rendered":"<p>[vc_row][vc_column][vc_tta_tabs style=&#8221;modern&#8221; color=&#8221;violet&#8221; spacing=&#8221;5&#8243; active_section=&#8221;1&#8243;][vc_tta_section title=&#8221;Clases de Respiraci\u00f3n&#8221; tab_id=&#8221;1528382267620-b901642d-bdd1&#8243;][vc_row_inner][vc_column_inner][vc_empty_space height=&#8221;20px&#8221;][vc_column_text]Las <span style=\"color: #3366ff;\"><strong>Clases de Respiraci\u00f3n<\/strong><\/span> est\u00e1n dirigidas a personas que necesitan mejorar su capacidad respiratoria y\/o su manera de respirar. <span style=\"color: #ff6600;\"><strong class=\"azul_normal\">Ahora tambi\u00e9n OnLine<\/strong><\/span><\/p>\n<p>Cada clase tiene una duraci\u00f3n de <strong>UNA hora<\/strong> y en ella el\/la alumno\/a aprende mediante gr\u00e1ficos y ejercicios pr\u00e1cticos d\u00f3nde est\u00e1n sus mayores dificultades y c\u00f3mo puede superarlas.<\/p>\n<p>Estas clases han sido de gran ayuda para personas a las que les cuesta dormir, persomas <a href=\"http:\/\/technologicnews.com\/web-hosting-canada\/\">diagnosticadas<\/a> con asma severa, m\u00fasicos que tocan instrumentos de viento, personas que se dan cuanta de que respiran muy poco&#8230;<\/p>\n<p style=\"text-align: center;\"><strong>Para reservar tu clase<\/strong>, ll\u00e1mame: <strong>636 10 57 70<\/strong> &#8211; Natividad<\/p>\n<p>[\/vc_column_text][vc_empty_space height=&#8221;60px&#8221;][\/vc_column_inner][\/vc_row_inner][\/vc_tta_section][vc_tta_section title=&#8221;Sesiones Individuales&#8221; tab_id=&#8221;1528384957112-2b0ac294-fe3b&#8221;][vc_row_inner][vc_column_inner width=&#8221;1\/2&#8243;][vc_empty_space height=&#8221;20px&#8221;][vc_column_text]<span style=\"font-size: 24px; font-family: Josefin Sans;\"><strong class=\"azul_normal\">\u00bfQu\u00e9 es una <span style=\"color: #3366ff;\">sesi\u00f3n individual<\/span> de <span style=\"color: #3366ff;\">Renacimiento<\/span> o <span style=\"color: #3366ff;\">Rebirthing<\/span>?<\/strong><\/span><\/p>\n<p><img loading=\"lazy\" class=\" wp-image-1414 alignleft\" src=\"https:\/\/www.escueladerespiracion.com\/wp-content\/uploads\/DSC1180-56.jpg\" alt=\"\" width=\"253\" height=\"169\" srcset=\"https:\/\/www.escueladerespiracion.com\/wp-content\/uploads\/DSC1180-56.jpg 394w, https:\/\/www.escueladerespiracion.com\/wp-content\/uploads\/DSC1180-56-300x200.jpg 300w\" sizes=\"(max-width: 253px) 100vw, 253px\" \/><br \/>\nEs una clase concertada entre la persona (a quien llamamos\u00a0<strong>cliente<\/strong>\u00a0o\u00a0<strong>alumno<\/strong>) y el profesional de la respiraci\u00f3n consciente o\u00a0<strong>renacedor<\/strong>, con una duraci\u00f3n aproximada de\u00a0<strong>unas dos horas<\/strong>.<span style=\"color: #ff6600;\"><strong class=\"azul_normal\"> Ahora tambi\u00e9n OnLine<\/strong><\/span><\/p>\n<p>&nbsp;<\/p>\n<p>Generalmente,\u00a0<strong>una sesi\u00f3n se divide en tres fases<\/strong>:<\/p>\n<p><strong>1.\u00a0<\/strong>En la primera, hay un di\u00e1logo entre el profesional (renacedor) y el alumno, donde el alumno explica qu\u00e9 le ha llevado a pedir una consulta para respirar. El renacedor expone las dos herramientas con que trabajamos (respiraci\u00f3n consciente y conectada y t\u00e9cnicas de reprogramaci\u00f3n mental) y c\u00f3mo va a ser la forma de respirar, lo que puede sentir,etc. Se resuelve cualquier tipo de duda.<\/p>\n<p><strong>2.\u00a0<\/strong>La segunda fase, de aproximadamente una hora, es la pr\u00e1ctica de la respiraci\u00f3n.<\/p>\n<p><strong>3.<\/strong>\u00a0En la tercera, hay otro espacio para el di\u00e1logo y el compartir de la experiencia, que tiene por objeto la integraci\u00f3n y completaci\u00f3n de la sesi\u00f3n y el establecimiento de los ejercicios sugeridos hasta la pr\u00f3xima sesi\u00f3n.<br \/>\nUsualmente entre las fases UNO y DOS se descubren patrones limitantes de pensamiento. En la fase TRES el renacedor propondr\u00e1 estrategias\u00a0 para que el alumno elija la que le parece m\u00e1s adecuada con el objeto de encontrar la mejora que est\u00e1 buscando en su momento actual.[\/vc_column_text][\/vc_column_inner][vc_column_inner width=&#8221;1\/2&#8243;][vc_empty_space height=&#8221;20px&#8221;]        <div class=\"panel-group yolo-accordion  \"  id=\"accordion\">\r\n                <div class=\"panel panel-default\">\r\n            <div class=\"panel-heading\">\r\n              <div class=\"panel-title\">\r\n                <a class=\"list-yolo-accordion\" data-toggle=\"collapse\" data-parent=\"#accordion\" href=\"#collapse0\"><span class=\"yolo-accordion-icons lnr lnr-hourglass\"><\/span><h3 class=\"yolo-accordion-title\">\u00bfC\u00f3mo es una sesi\u00f3n?<\/h3><\/a>\r\n              <\/div>\r\n            <\/div>\r\n            <div id=\"collapse0\" class=\"panel-collapse collapse in\">\r\n              <div class=\"panel-body yolo-accordion-content\">Se comienza a respirar tumbado sobre una colchoneta en el suelo, en posici\u00f3n horizontal y boca arriba.\n\nA medida que la persona comienza a sentirse c\u00f3moda con su respiraci\u00f3n y que los procesos f\u00edsicos, que tienen lugar algunas veces, son m\u00e1s suaves (esto suele suceder a partir de la quinta sesi\u00f3n), puede entonces experimentar con diferentes formas, ya sea sentado, de pie o en agua.\n\nCuando se respira en agua, la mayor\u00eda de las veces se hace en una ba\u00f1era con agua caliente y\/o fr\u00eda y con diferentes temperaturas. Este tipo de sesiones requieren de una mayor preparaci\u00f3n por parte del alumno y en la actualidad no se recomiendan para empezar con la pr\u00e1ctica.\n\nCualquiera que sea el tipo de sesi\u00f3n que el alumno\/a est\u00e9 tomando, la funci\u00f3n del renacedor\/a ser\u00e1 la de permanecer al lado de la persona, acompa\u00f1\u00e1ndole en su proceso, sugiri\u00e9ndole, cuando as\u00ed sea necesario, ciertas pautas respiratorias y ofreci\u00e9ndole, en todo momento, un espacio de apoyo y seguridad.<\/div>\r\n            <\/div>\r\n        <\/div>\r\n                <div class=\"panel panel-default\">\r\n            <div class=\"panel-heading\">\r\n              <div class=\"panel-title\">\r\n                <a class=\"list-yolo-accordion\" data-toggle=\"collapse\" data-parent=\"#accordion\" href=\"#collapse1\"><span class=\"yolo-accordion-icons lnr lnr-heart-pulse\"><\/span><h3 class=\"yolo-accordion-title\">\u00bfPara qu\u00e9 sirve el Renacimiento?<\/h3><\/a>\r\n              <\/div>\r\n            <\/div>\r\n            <div id=\"collapse1\" class=\"panel-collapse collapse \">\r\n              <div class=\"panel-body yolo-accordion-content\">\u2022 Para aumentar el bienestar f\u00edsico, mental y emocional.\n\u2022 Para tomar consciencia de nuestros pensamientos y modificar, a nuestra voluntad, aquellas estructuras mentales que nos han limitado e impedido realizarnos, muchas veces durante a\u00f1os.\n\u2022 Para aprender a manejar nuestras emociones (ansiedad, estr\u00e9s, tristeza, dolor, miedos, etc.)\n\u2022 Para mejorar la relaci\u00f3n con uno mismo y, por ende, con los dem\u00e1s.\n\u2022 Para enfrentar momentos de cambio: relaciones, trabajo, embarazos, lugar de residencia,\u2026\n\u2022 Para meditar y aquietar nuestra mente.\n\u2022 Para relajarnos y estar en paz.\n\n<\/div>\r\n            <\/div>\r\n        <\/div>\r\n                <div class=\"panel panel-default\">\r\n            <div class=\"panel-heading\">\r\n              <div class=\"panel-title\">\r\n                <a class=\"list-yolo-accordion\" data-toggle=\"collapse\" data-parent=\"#accordion\" href=\"#collapse2\"><span class=\"yolo-accordion-icons lnr lnr-magic-wand\"><\/span><h3 class=\"yolo-accordion-title\">\u00bfCu\u00e1ntas sesiones se recomiendan?<\/h3><\/a>\r\n              <\/div>\r\n            <\/div>\r\n            <div id=\"collapse2\" class=\"panel-collapse collapse \">\r\n              <div class=\"panel-body yolo-accordion-content\">Trabajamos usualmente con ciclos de diez sesiones.\nCuando un alumno quiere aprender la pr\u00e1ctica, se le sugiere que tome un ciclo de DIEZ sesiones de forma regular, normalmente semanal o quincenalmente.\nGeneralmente, al terminar el ciclo, el alumno ya se sentir\u00e1 seguro para tomarse sus propias sesiones en casa.\n\n<\/div>\r\n            <\/div>\r\n        <\/div>\r\n                <\/div>\r\n        [\/vc_column_inner][\/vc_row_inner][\/vc_tta_section][vc_tta_section title=&#8221;Sesiones de Grupo&#8221; tab_id=&#8221;1528383933307-0c3d1d00-cce6&#8243;][vc_row_inner][vc_column_inner][vc_empty_space height=&#8221;20px&#8221;][vc_empty_space height=&#8221;20px&#8221;][vc_images_carousel images=&#8221;1555,1551,1550,1549,1558,1557&#8243; img_size=&#8221;full&#8221; speed=&#8221;2000&#8243; autoplay=&#8221;yes&#8221;][vc_column_text]La <span style=\"color: #3366ff;\"><strong>Escuela Canaria de Respiraci\u00f3n<\/strong><\/span> ha creado un\u00a0<strong>PROGRAMA DE SESIONES DE RESPIRACI\u00d3N EN GRUPO.<\/strong>\u00a0De esta manera queremos\u00a0facilitarte que puedas<strong>\u00a0adquirir el h\u00e1bito respiratorio<\/strong>.\u00a0<strong><span class=\"azul_normal\">Esto es muy importante y lo m\u00e1s dif\u00edcil de conseguir<\/span><\/strong>.<\/p>\n<p>Los beneficios de la <strong>Respiraci\u00f3n Consciente y Conectada<\/strong> son m\u00faltiples, pero no se pueden obtener sin pr\u00e1ctica. T\u00f3malo como ir a meditar una vez a la semana. En realidad\u00a0<strong><span class=\"azul_normal\">es una meditaci\u00f3n y es una limpieza de tu campo energ\u00e9tico\u2026.<\/span><\/strong><img loading=\"lazy\" class=\"wp-image-1556 aligncenter\" src=\"http:\/\/www.escueladerespiracion.com\/wp-content\/uploads\/Respirando-en-circulo.jpg\" alt=\"\" width=\"382\" height=\"192\" srcset=\"https:\/\/www.escueladerespiracion.com\/wp-content\/uploads\/Respirando-en-circulo.jpg 320w, https:\/\/www.escueladerespiracion.com\/wp-content\/uploads\/Respirando-en-circulo-300x150.jpg 300w\" sizes=\"(max-width: 382px) 100vw, 382px\" \/><\/p>\n<p style=\"text-align: center;\"><strong>\u00bfCu\u00e1ntas veces a la semana est\u00e1s en situaciones de estr\u00e9s, tristeza o rabia?<br \/>\n<\/strong><br \/>\n<strong><span class=\"azul_normal\">Una sesi\u00f3n te permite recargarte de energ\u00eda y volver al momento presente, soltar tus cargas de la semana\u2026<\/span><\/strong><\/p>\n<p style=\"text-align: center;\"><strong>\u00a1An\u00edmate, producir\u00e1 resultados excelentes y te vas a sentir muy muy bien!<\/strong><\/p>\n<p style=\"text-align: center;\"><span style=\"color: #ff0000;\"><strong>Para participar en este grupo es necesario que hayas practicado la t\u00e9cnica de respiraci\u00f3n.<\/strong><\/span><\/p>\n<p>[\/vc_column_text][vc_column_text]Si no tienes experiencia previa:<\/p>\n<ul>\n<li>Puedes tomarte una sesi\u00f3n individual \u00f3,<\/li>\n<li>Av\u00edsanos, te ponemos en un listado y, tan pronto como se forme un peque\u00f1o grupo, te llamaremos para una\u00a0<strong><span class=\"azul_normal\">sesi\u00f3n de iniciaci\u00f3n<\/span><\/strong>.<\/li>\n<\/ul>\n<p>Y a partir de aqu\u00ed ya puedes entrar en el <strong>grupo de RESPIRACI\u00d3N<\/strong>.<strong><br \/>\n<\/strong><\/p>\n<hr \/>\n<p style=\"text-align: center;\">\u00a0<strong><span class=\"azul_normal\">Durante el verano, <\/span><\/strong><span class=\"azul_normal\">facilitamos la posibilidad de<\/span><strong>\u00a0<\/strong><span style=\"color: #008000;\"><strong>Respirar en la\u00a0<\/strong><strong>Naturaleza<\/strong><\/span>.<br \/>\nPara poder participar en estas sesiones, es necesario previamente solicitarlo en la Escuela.<\/p>\n<p style=\"text-align: center;\"><strong><img loading=\"lazy\" class=\"aligncenter wp-image-6459\" src=\"https:\/\/www.escueladerespiracion.com\/wp-content\/uploads\/2018\/09\/IMG_20180713_183719-1024x577.jpg\" alt=\"\" width=\"615\" height=\"347\" srcset=\"https:\/\/www.escueladerespiracion.com\/wp-content\/uploads\/2018\/09\/IMG_20180713_183719-1024x577.jpg 1024w, https:\/\/www.escueladerespiracion.com\/wp-content\/uploads\/2018\/09\/IMG_20180713_183719-300x169.jpg 300w, https:\/\/www.escueladerespiracion.com\/wp-content\/uploads\/2018\/09\/IMG_20180713_183719-768x433.jpg 768w\" sizes=\"(max-width: 615px) 100vw, 615px\" \/>(s\u00f3lo para personas con pr\u00e1ctica)<\/strong><br \/>\n<strong>De 17 a 20 horas.<\/strong><br \/>\n<strong>(merienda incluida)<br \/>\n<\/strong><\/p>\n<p style=\"text-align: center;\"><strong>\u00a1Para comenzar debes inscribirte y reservar tu plaza!<\/strong><br \/>\n<span style=\"color: #ff0000;\"><strong>\u00a1Plazas limitadas!<\/strong><\/span><\/p>\n<p style=\"text-align: center;\"><span style=\"color: #008000;\">*** SOLO en Julio, Agosto y Septiembre ***<\/span><\/p>\n<p>[\/vc_column_text][\/vc_column_inner][\/vc_row_inner][vc_column_text][\/vc_column_text][\/vc_tta_section][\/vc_tta_tabs][vc_row_inner][vc_column_inner width=&#8221;1\/4&#8243;][vc_custom_heading text=&#8221;Contactar&#8221; use_theme_fonts=&#8221;yes&#8221;][vc_empty_space]<div role=\"form\" class=\"wpcf7\" id=\"wpcf7-f1748-o1\" lang=\"en-US\" dir=\"ltr\">\n<div class=\"screen-reader-response\"><\/div>\n<form action=\"\/index.php\/wp-json\/wp\/v2\/pages\/5769#wpcf7-f1748-o1\" method=\"post\" class=\"wpcf7-form\" novalidate=\"novalidate\">\n<div style=\"display: none;\">\n<input type=\"hidden\" name=\"_wpcf7\" value=\"1748\" \/>\n<input type=\"hidden\" name=\"_wpcf7_version\" value=\"5.0.3\" \/>\n<input type=\"hidden\" name=\"_wpcf7_locale\" value=\"en_US\" \/>\n<input type=\"hidden\" name=\"_wpcf7_unit_tag\" value=\"wpcf7-f1748-o1\" \/>\n<input type=\"hidden\" name=\"_wpcf7_container_post\" value=\"0\" \/>\n<\/div>\n<p>Nombre (obligatorio)<br \/>\n    <span class=\"wpcf7-form-control-wrap your-name\"><input type=\"text\" name=\"your-name\" value=\"\" size=\"40\" class=\"wpcf7-form-control wpcf7-text wpcf7-validates-as-required\" aria-required=\"true\" aria-invalid=\"false\" \/><\/span> <\/p>\n<p>E-mail (obligatorio)<br \/>\n    <span class=\"wpcf7-form-control-wrap your-email\"><input type=\"email\" name=\"your-email\" value=\"\" size=\"40\" class=\"wpcf7-form-control wpcf7-text wpcf7-email wpcf7-validates-as-required wpcf7-validates-as-email\" aria-required=\"true\" aria-invalid=\"false\" \/><\/span> <\/p>\n<p>Asunto<br \/>\n    <span class=\"wpcf7-form-control-wrap your-subject\"><input type=\"text\" name=\"your-subject\" value=\"\" size=\"40\" class=\"wpcf7-form-control wpcf7-text\" aria-invalid=\"false\" \/><\/span> <\/p>\n<p>Tu mensaje<br \/>\n    <span class=\"wpcf7-form-control-wrap your-message\"><textarea name=\"your-message\" cols=\"40\" rows=\"10\" class=\"wpcf7-form-control wpcf7-textarea\" aria-invalid=\"false\"><\/textarea><\/span> <\/p>\n<p><span class=\"wpcf7-form-control-wrap acceptance-733\"><span class=\"wpcf7-form-control wpcf7-acceptance\"><span class=\"wpcf7-list-item\"><label><input type=\"checkbox\" name=\"acceptance-733\" value=\"1\" aria-invalid=\"false\" \/><span class=\"wpcf7-list-item-label\">He le\u00eddo y acepto la <a href=\"http:\/\/www.escueladerespiracion.com\/index.php\/politica-de-privacidad\" target=\"_blank\">Pol\u00edtica de Privacidad.<\/span><\/label><\/span><\/span><\/span><\/a><\/p>\n<div class=\"wpcf7-form-control-wrap\"><div data-sitekey=\"6LcDjbslAAAAACwKApo25sUfLZ5CR5dtRIq-6H2S\" class=\"wpcf7-form-control g-recaptcha wpcf7-recaptcha\"><\/div>\r\n<noscript>\r\n\t<div style=\"width: 302px; height: 422px;\">\r\n\t\t<div style=\"width: 302px; height: 422px; position: relative;\">\r\n\t\t\t<div style=\"width: 302px; height: 422px; position: absolute;\">\r\n\t\t\t\t<iframe src=\"https:\/\/www.google.com\/recaptcha\/api\/fallback?k=6LcDjbslAAAAACwKApo25sUfLZ5CR5dtRIq-6H2S\" frameborder=\"0\" scrolling=\"no\" style=\"width: 302px; height:422px; border-style: none;\">\r\n\t\t\t\t<\/iframe>\r\n\t\t\t<\/div>\r\n\t\t\t<div style=\"width: 300px; height: 60px; border-style: none; bottom: 12px; left: 25px; margin: 0px; padding: 0px; right: 25px; background: #f9f9f9; border: 1px solid #c1c1c1; border-radius: 3px;\">\r\n\t\t\t\t<textarea id=\"g-recaptcha-response\" name=\"g-recaptcha-response\" class=\"g-recaptcha-response\" style=\"width: 250px; height: 40px; border: 1px solid #c1c1c1; margin: 10px 25px; padding: 0px; resize: none;\">\r\n\t\t\t\t<\/textarea>\r\n\t\t\t<\/div>\r\n\t\t<\/div>\r\n\t<\/div>\r\n<\/noscript>\r\n<\/div>\n<p style=\"margin-top:20px\"><input type=\"submit\" value=\"Enviar\" class=\"wpcf7-form-control wpcf7-submit\" \/><\/p>\n<p style=\"display: none !important;\"><label>&#916;<textarea name=\"_wpcf7_ak_hp_textarea\" cols=\"45\" rows=\"8\" maxlength=\"100\"><\/textarea><\/label><input type=\"hidden\" id=\"ak_js_1\" name=\"_wpcf7_ak_js\" value=\"217\"\/><script>document.getElementById( \"ak_js_1\" ).setAttribute( \"value\", ( new Date() ).getTime() );<\/script><\/p><div class=\"wpcf7-response-output wpcf7-display-none\"><\/div><\/form><\/div>[\/vc_column_inner][vc_column_inner width=&#8221;1\/4&#8243;][\/vc_column_inner][vc_column_inner width=&#8221;1\/4&#8243;][vc_empty_space height=&#8221;120px&#8221;][vc_single_image image=&#8221;5936&#8243; img_size=&#8221;medium&#8221; alignment=&#8221;center&#8221;][vc_empty_space][vc_column_text]<\/p>\n<p><strong class=\"azul_normal\">Escuela Canaria de Respiraci\u00f3n<br \/>\n<\/strong><strong>Directora<\/strong>: Natividad Jim\u00e9nez<br \/>\n<strong>Tel\u00e9fono<\/strong>: 636 105 770<br \/>\n<strong>Email<\/strong>:\u00a0<a href=\"mailto:escueladerespiracion@gmail.com\">escueladerespiracion@gmail.com<\/a>[\/vc_column_text][\/vc_column_inner][vc_column_inner width=&#8221;1\/4&#8243;][\/vc_column_inner][\/vc_row_inner][\/vc_column][\/vc_row][vc_row][vc_column][vc_empty_space height=&#8221;20px&#8221;][vc_row_inner][vc_column_inner width=&#8221;1\/3&#8243;][\/vc_column_inner][vc_column_inner width=&#8221;1\/3&#8243;][vc_images_carousel images=&#8221;1555,1557,1551,1550,1549,1548&#8243; img_size=&#8221;full&#8221; speed=&#8221;4000&#8243;][\/vc_column_inner][vc_column_inner width=&#8221;1\/3&#8243;][\/vc_column_inner][\/vc_row_inner][\/vc_column][\/vc_row]<\/p>\n","protected":false},"excerpt":{"rendered":"<p>[vc_row][vc_column][vc_tta_tabs style=&#8221;modern&#8221; color=&#8221;violet&#8221; spacing=&#8221;5&#8243; active_section=&#8221;1&#8243;][vc_tta_section title=&#8221;Clases de Respiraci\u00f3n&#8221; tab_id=&#8221;1528382267620-b901642d-bdd1&#8243;][vc_row_inner][vc_column_inner][vc_empty_space height=&#8221;20px&#8221;][vc_column_text]Las Clases de Respiraci\u00f3n est\u00e1n dirigidas a personas que necesitan mejorar su capacidad respiratoria y\/o su manera de respirar. Ahora tambi\u00e9n OnLine Cada clase tiene una duraci\u00f3n de UNA hora y en ella el\/la alumno\/a aprende mediante gr\u00e1ficos y ejercicios pr\u00e1cticos d\u00f3nde est\u00e1n sus mayores dificultades&#8230;<\/p>\n","protected":false},"author":1,"featured_media":0,"parent":0,"menu_order":0,"comment_status":"closed","ping_status":"closed","template":"","meta":[],"acf":[],"_links":{"self":[{"href":"https:\/\/www.escueladerespiracion.com\/index.php\/wp-json\/wp\/v2\/pages\/5769"}],"collection":[{"href":"https:\/\/www.escueladerespiracion.com\/index.php\/wp-json\/wp\/v2\/pages"}],"about":[{"href":"https:\/\/www.escueladerespiracion.com\/index.php\/wp-json\/wp\/v2\/types\/page"}],"author":[{"embeddable":true,"href":"https:\/\/www.escueladerespiracion.com\/index.php\/wp-json\/wp\/v2\/users\/1"}],"replies":[{"embeddable":true,"href":"https:\/\/www.escueladerespiracion.com\/index.php\/wp-json\/wp\/v2\/comments?post=5769"}],"version-history":[{"count":68,"href":"https:\/\/www.escueladerespiracion.com\/index.php\/wp-json\/wp\/v2\/pages\/5769\/revisions"}],"predecessor-version":[{"id":7093,"href":"https:\/\/www.escueladerespiracion.com\/index.php\/wp-json\/wp\/v2\/pages\/5769\/revisions\/7093"}],"wp:attachment":[{"href":"https:\/\/www.escueladerespiracion.com\/index.php\/wp-json\/wp\/v2\/media?parent=5769"}],"curies":[{"name":"wp","href":"https:\/\/api.w.org\/{rel}","templated":true}]}}