{"id":53,"date":"2013-07-31T23:42:25","date_gmt":"2013-07-31T23:42:25","guid":{"rendered":"http:\/\/www.escueladerespiracion.com\/?page_id=53"},"modified":"2018-07-20T12:27:10","modified_gmt":"2018-07-20T11:27:10","slug":"renacimiento","status":"publish","type":"page","link":"https:\/\/www.escueladerespiracion.com\/index.php\/respiracion\/renacimiento\/","title":{"rendered":"Renacimiento"},"content":{"rendered":"<p>[vc_row][vc_column][vc_custom_heading text=&#8221;\u00bfQu\u00e9 es el Renacimiento o Rebirthing?&#8221; font_container=&#8221;tag:h2|text_align:center&#8221; use_theme_fonts=&#8221;yes&#8221;][vc_empty_space][\/vc_column][\/vc_row][vc_row][vc_column][vc_column_text]<\/p>\n<p style=\"text-align: justify;\"><img loading=\"lazy\" class=\"alignleft wp-image-199 size-full\" src=\"http:\/\/www.escueladerespiracion.com\/wp-content\/uploads\/RENACIMIENTO.jpg\" alt=\"RENACIMIENTO\" width=\"282\" height=\"279\" \/>Es un poderoso instrumento de desarrollo personal que utiliza la <span class=\"azul_normal\">respiraci\u00f3n circular-consciente<\/span> y el <span class=\"azul_normal\">pensamiento creativo<\/span> como elementos fundamentales del trabajo.<\/p>\n<p>Desarrollado inicialmente por <span class=\"azul_normal\">Leonard Orr<\/span>, hacia 1.974, fue r\u00e1pidamente extendido por el planeta gracias a su trabajo y al de otros pioneros como<span class=\"azul_normal\"> Sondra Ray<\/span> y <span class=\"azul_normal\">Bob Mandel<\/span>, entre otros.<\/p>\n<p><strong><span class=\"azul_normal\">El objetivo<\/span><\/strong> de esta pr\u00e1ctica es adquirir un h\u00e1bito respiratorio sano, que nos permita oxigenar bien nuestro cuerpo. Con ello:<\/p>\n<p><strong> 1.<\/strong> Nos beneficiamos de manera obvia a nivel del cuerpo f\u00edsico.<\/p>\n<p><strong>2.<\/strong> Aprendemos a manejar nuestras emociones (como el estr\u00e9s, la angustia, ansiedad, tristeza&#8230;) y dejan de dominarnos.<\/p>\n<p><strong> 3.<\/strong> Tomamos consciencia de nuestros pensamientos y comenzamos a modificar, a nuestra voluntad, aquellas estructuras mentales que nos han limitado e impedido realizarnos, muchas veces durante a\u00f1os.<\/p>\n<p><strong> 4.<\/strong> Experimentamos m\u00e1s vitalidad y gozo en nuestra vida.<\/p>\n<p><strong>\u00a05.<\/strong> Se empieza a restablecer la armon\u00eda natural entre cuerpo, mente y esp\u00edritu.<\/p>\n<p style=\"text-align: justify;\"><span class=\"azul_normal\">Es especialmente \u00fatil si tu vida est\u00e1 en transici\u00f3n, en un per\u00edodo de cambio, o si est\u00e1s buscando m\u00e1s satisfacci\u00f3n o resoluci\u00f3n en cualquier \u00e1rea de tu vida.<\/span><\/p>\n<p style=\"text-align: justify;\">Por mi experiencia el renacimiento viene muy bien para <strong>convivir con nuestras emociones<\/strong>, para casos de <strong>insomnio<\/strong> o de <strong>asma<\/strong>, interesante en <strong>momentos de cambio<\/strong> (separaciones, cambio de estado civil, de domicilio, muertes de familiares&#8230;), cuando se mueve en nuestra vida aquello que es conocido y nos adentramos en zonas de &#8220;miedo&#8221;. Tambi\u00e9n resulta muy conveniente para simplemente <strong>meditar<\/strong> y<strong> entrar en estados de paz<\/strong> e, incluso, de <strong>\u00e9xtasis<\/strong>. <span class=\"azul_normal\">\u00a1Yo disfruto mucho con mi respiraci\u00f3n!<\/span>.<\/p>\n<p style=\"text-align: justify;\"><span class=\"azul_normal\">Visita la p\u00e1gina de las <\/span><span style=\"color: #3366ff;\"><a style=\"color: #3366ff;\" title=\"Actividades\" href=\"http:\/\/www.escueladerespiracion.com\/actividades\/\">ACTIVIDADES<\/a><\/span><span class=\"azul_normal\"> y en ella encontrar\u00e1s informaci\u00f3n detallada de la pr\u00e1ctica, en los apartados dedicados a las sesiones individuales.<\/span><\/p>\n<p>[\/vc_column_text][\/vc_column][\/vc_row][vc_row][vc_column][vc_empty_space][\/vc_column][\/vc_row]<\/p>\n","protected":false},"excerpt":{"rendered":"<p>[vc_row][vc_column][vc_custom_heading text=&#8221;\u00bfQu\u00e9 es el Renacimiento o Rebirthing?&#8221; font_container=&#8221;tag:h2|text_align:center&#8221; use_theme_fonts=&#8221;yes&#8221;][vc_empty_space][\/vc_column][\/vc_row][vc_row][vc_column][vc_column_text] Es un poderoso instrumento de desarrollo personal que utiliza la respiraci\u00f3n circular-consciente y el pensamiento creativo como elementos fundamentales del trabajo. Desarrollado inicialmente por Leonard Orr, hacia 1.974, fue r\u00e1pidamente extendido por el planeta gracias a su trabajo y al de otros pioneros como Sondra Ray&#8230;<\/p>\n","protected":false},"author":1,"featured_media":0,"parent":12,"menu_order":2,"comment_status":"closed","ping_status":"closed","template":"","meta":[],"acf":[],"_links":{"self":[{"href":"https:\/\/www.escueladerespiracion.com\/index.php\/wp-json\/wp\/v2\/pages\/53"}],"collection":[{"href":"https:\/\/www.escueladerespiracion.com\/index.php\/wp-json\/wp\/v2\/pages"}],"about":[{"href":"https:\/\/www.escueladerespiracion.com\/index.php\/wp-json\/wp\/v2\/types\/page"}],"author":[{"embeddable":true,"href":"https:\/\/www.escueladerespiracion.com\/index.php\/wp-json\/wp\/v2\/users\/1"}],"replies":[{"embeddable":true,"href":"https:\/\/www.escueladerespiracion.com\/index.php\/wp-json\/wp\/v2\/comments?post=53"}],"version-history":[{"count":16,"href":"https:\/\/www.escueladerespiracion.com\/index.php\/wp-json\/wp\/v2\/pages\/53\/revisions"}],"predecessor-version":[{"id":5885,"href":"https:\/\/www.escueladerespiracion.com\/index.php\/wp-json\/wp\/v2\/pages\/53\/revisions\/5885"}],"up":[{"embeddable":true,"href":"https:\/\/www.escueladerespiracion.com\/index.php\/wp-json\/wp\/v2\/pages\/12"}],"wp:attachment":[{"href":"https:\/\/www.escueladerespiracion.com\/index.php\/wp-json\/wp\/v2\/media?parent=53"}],"curies":[{"name":"wp","href":"https:\/\/api.w.org\/{rel}","templated":true}]}}