{"id":51,"date":"2013-07-31T23:41:52","date_gmt":"2013-07-31T23:41:52","guid":{"rendered":"http:\/\/www.escueladerespiracion.com\/?page_id=51"},"modified":"2018-07-20T12:25:10","modified_gmt":"2018-07-20T11:25:10","slug":"la-respiracion","status":"publish","type":"page","link":"https:\/\/www.escueladerespiracion.com\/index.php\/respiracion\/la-respiracion\/","title":{"rendered":"La Respiraci\u00f3n"},"content":{"rendered":"<p>[vc_row][vc_column][vc_column_text]En el mundo occidental hemos dado por hecho que sab\u00edamos respirar, simplemente porque nuestro cuerpo respira. Sin embargo se ha comprobado que podemos tomar hasta <strong>3,5 litros de aire con cada inhalaci\u00f3n<\/strong> y que la mayor\u00eda de las personas no entrenadas <strong>inspira tan solo un medio litro de aire.<\/strong><\/p>\n<p><img loading=\"lazy\" class=\"alignleft wp-image-75 size-full\" src=\"http:\/\/www.escueladerespiracion.com\/wp-content\/uploads\/Imagen19.jpg\" alt=\"hombre pulmon\" width=\"200\" height=\"200\" srcset=\"https:\/\/www.escueladerespiracion.com\/wp-content\/uploads\/Imagen19.jpg 200w, https:\/\/www.escueladerespiracion.com\/wp-content\/uploads\/Imagen19-150x150.jpg 150w\" sizes=\"(max-width: 200px) 100vw, 200px\" \/>Y parece que esto es un h\u00e1bito que venimos arrastrando desde hace unos siglos. Seg\u00fan cuentan, cuando los misioneros llegaron a las islas Hawaianas, los nativos los llamaron <strong class=\"azul_normal\">\u201chaoles\u201d<\/strong>, que significa <span class=\"azul_normal\">\u201cgente que no respira\u201d<\/span>.<\/p>\n<p>Parece que en aquella \u00e9poca los hawaianos utilizaban la palabra <strong class=\"azul_normal\">\u201cohana\u201d <\/strong>con el significado de <span class=\"azul_normal\">\u201cpersonas que respiran juntos\u201d<\/span><\/p>\n<p>Hist\u00f3ricamente, las culturas han concedido gran importancia a la Respiraci\u00f3n, lo que se reflejaba en el lenguaje que utilizaban. Esto se puede constatar entre los abor\u00edgenes de Australia occidental, los ind\u00edgenas americanos de California, los abor\u00edgenes de Groenlandia, los sem\u00ednolas (o primitivos habitantes de la Florida), los romanos, y un sinf\u00edn de otros pueblos.<\/p>\n<p>Un fen\u00f3meno muy curioso y muy com\u00fan es encontrar relaciones estrechas entre las palabras <strong>Respiraci\u00f3n<\/strong> y <strong>Esp\u00edritu<\/strong>, algo que ocurre hoy en d\u00eda en el propio espa\u00f1ol con \u201cinspirar\u201d o en el ingl\u00e9s con \u201cinspiration\u201d.<\/p>\n<p>Hubo escuelas de Respiraci\u00f3n en Persia, Arabia, Egipto, Grecia, Roma,&#8230; pero entre todas las tradiciones culturales antiguas son la tibetana, la china y la hind\u00fa las que ejercen m\u00e1s influencia hoy en d\u00eda.<\/p>\n<p>Tradicionalmente, <span class=\"azul_normal\">las distintas pr\u00e1cticas respiratorias se orientaban hacia <strong>tres objetivos distintos<\/strong><\/span>:<\/p>\n<p><strong>1. <\/strong>Para purificar los sentidos, f\u00edsica y espiritualmente y para explotar su potencial.<\/p>\n<p><strong>2. <\/strong>Como un mecanismo que despierta la fuerza sanadora del propio individuo.<\/p>\n<p><strong>3. <\/strong>Con fines religiosos, para alcanzar estados trascendentes y tomar contacto con otras dimensiones de la realidad.<\/p>\n<p>As\u00ed, las ense\u00f1anzas de <strong><span class=\"azul_normal\">los m\u00edsticos tibetanos<\/span><\/strong> advierten que: <strong>\u201cEl h\u00e1bil control de la Respiraci\u00f3n vence la pasi\u00f3n, la ira y los deseos carnales, permite alcanzar la serenidad, prepara la mente para la meditaci\u00f3n y despierta la energ\u00eda espiritual\u201d<\/strong>. (pag.159, Gunnel &#8211; v\u00e9ase en la bibliograf\u00eda) y tambi\u00e9n nos dicen que <strong>\u201cEl resultado m\u00e1s importante de la pr\u00e1ctica con la Respiraci\u00f3n es comprender que el proceso de respirar es el v\u00ednculo que une lo consciente con lo subconsciente, material tosco y material sutil, funciones voluntarias y no voluntarias, y por lo tanto, la expresi\u00f3n m\u00e1s perfecta de la naturaleza de toda la vida\u201d <\/strong>(extra\u00eddo de Govinda: \u201cFundamentos de la m\u00edstica tibetana\u201d).<\/p>\n<p><span class=\"azul_normal\"><strong>En la India<\/strong><\/span>, la Respiraci\u00f3n consciente tuvo gran desarrollo en las diversas escuelas de Yoga y en el Ayurveda (medicina tradicional hind\u00fa). Seg\u00fan dicen, en las escrituras v\u00e9dicas se habla de unas 2.400 t\u00e9cnicas de Respiraci\u00f3n, con diferentes prop\u00f3sitos cada una de ellas.<\/p>\n<p>Yogui Ramacharaka (en \u201cCiencia Hind\u00fa Yogui de la Respiraci\u00f3n\u201d) comenta como <strong>\u201cReconocidas autoridades han establecido que, si una generaci\u00f3n de personas respira correctamente, podr\u00eda regenerar la raza, y la enfermedad ser\u00eda tan poco frecuente que constituir\u00eda una curiosidad. Tanto si se observa desde Occidente como si se observa desde Oriente, la conexi\u00f3n entre la Respiraci\u00f3n correcta y la Salud est\u00e1 a la vista y es f\u00e1cil de explicar\u201d<\/strong>.<\/p>\n<p>La principal t\u00e9cnica respiratoria de <strong class=\"azul_normal\">la tradici\u00f3n china <\/strong>se denomina Chi Gong, donde chi significa \u201cvital\u201d y Gong \u201cejercicio\u201d. Esta pr\u00e1ctica se conoce tradicionalmente como el <span class=\"azul_normal\">\u201cm\u00e9todo para eliminar la enfermedad y prolongar la vida\u201d<\/span>.<\/p>\n<p>Los chinos han desarrollado un conjunto de t\u00e9cnicas de Respiraci\u00f3n muy sofisticadas, cada una con un prop\u00f3sito espec\u00edfico y con el nombre del efecto que se pretende alcanzar. Dividen el efecto de la Respiraci\u00f3n en tres categor\u00edas: los efectos del cuerpo, de la psiquis y en el esp\u00edritu.<\/p>\n<p>Otro dato interesante acerca de la Respiraci\u00f3n, y que contribuye a la tesis de que <strong class=\"azul_normal\">\u201crespirar es sano\u201d<\/strong> lo constituye el hecho de que <span class=\"azul_normal\"><strong>la Respiraci\u00f3n realiza el 70% de la funci\u00f3n excretora<\/strong><\/span>, lo que quiere decir que el 70% de las toxinas (f\u00edsicas, emocionales y mentales) de nuestro cuerpo se pueden eliminar a trav\u00e9s de la Respiraci\u00f3n&#8230; y esto <span class=\"azul_normal\">ayuda a crear SALUD<\/span>.<\/p>\n<p>En la actualidad existen diferentes m\u00e9todos que incluyen a la Respiraci\u00f3n como elemento esencial dentro de sus pr\u00e1cticas, como son el <strong>yoga<\/strong>, el <strong>chi-gong<\/strong>, el <strong>tai-chi<\/strong>, las <strong>clases de canto<\/strong>, el aprendizaje con i<strong>nstrumentos musicales de viento<\/strong>, los <strong>deportes<\/strong>, el s<strong>ubmarinismo<\/strong>, la <strong>terapia reichiana<\/strong>&#8230;, pero las siguientes t\u00e9cnicas se concentran especialmente en la Respiraci\u00f3n:<\/p>\n<p>\u2022 <span style=\"color: #3366ff;\"><a style=\"color: #3366ff;\" href=\"http:\/\/www.holotropic.com\/\" target=\"_blank\" rel=\"noopener\"><strong>Respiraci\u00f3n holotr\u00f3pica<\/strong><\/a><\/span>, desarrollada por Stanislav Grof.<\/p>\n<p>\u2022 <strong>Terapia de renacimiento de Frank Lake<\/strong> (Inglaterra)<\/p>\n<p>\u2022 <strong><a href=\"http:\/\/www.etnopsico.org\" target=\"_blank\" rel=\"noopener\"><span style=\"color: #3366ff;\">Respiraci\u00f3n holor\u00e9nica<\/span><\/a>.<\/strong> Dtor. Josep M\u00aa Fericgla<\/p>\n<p>\u2022 <a title=\"Renacimiento\" href=\"http:\/\/www.escueladerespiracion.com\/?page_id=53\"><strong><span style=\"color: #3366ff;\">Rebirthing o Renacimiento<\/span><\/strong><\/a>, de la que obtendr\u00e1s m\u00e1s informaci\u00f3n en la pr\u00f3xima secci\u00f3n de esta p\u00e1gina web.[\/vc_column_text][\/vc_column][\/vc_row][vc_row][vc_column][vc_empty_space][\/vc_column][\/vc_row]<\/p>\n","protected":false},"excerpt":{"rendered":"<p>[vc_row][vc_column][vc_column_text]En el mundo occidental hemos dado por hecho que sab\u00edamos respirar, simplemente porque nuestro cuerpo respira. Sin embargo se ha comprobado que podemos tomar hasta 3,5 litros de aire con cada inhalaci\u00f3n y que la mayor\u00eda de las personas no entrenadas inspira tan solo un medio litro de aire. Y parece que esto es un&#8230;<\/p>\n","protected":false},"author":1,"featured_media":0,"parent":12,"menu_order":1,"comment_status":"closed","ping_status":"closed","template":"","meta":[],"acf":[],"_links":{"self":[{"href":"https:\/\/www.escueladerespiracion.com\/index.php\/wp-json\/wp\/v2\/pages\/51"}],"collection":[{"href":"https:\/\/www.escueladerespiracion.com\/index.php\/wp-json\/wp\/v2\/pages"}],"about":[{"href":"https:\/\/www.escueladerespiracion.com\/index.php\/wp-json\/wp\/v2\/types\/page"}],"author":[{"embeddable":true,"href":"https:\/\/www.escueladerespiracion.com\/index.php\/wp-json\/wp\/v2\/users\/1"}],"replies":[{"embeddable":true,"href":"https:\/\/www.escueladerespiracion.com\/index.php\/wp-json\/wp\/v2\/comments?post=51"}],"version-history":[{"count":14,"href":"https:\/\/www.escueladerespiracion.com\/index.php\/wp-json\/wp\/v2\/pages\/51\/revisions"}],"predecessor-version":[{"id":5893,"href":"https:\/\/www.escueladerespiracion.com\/index.php\/wp-json\/wp\/v2\/pages\/51\/revisions\/5893"}],"up":[{"embeddable":true,"href":"https:\/\/www.escueladerespiracion.com\/index.php\/wp-json\/wp\/v2\/pages\/12"}],"wp:attachment":[{"href":"https:\/\/www.escueladerespiracion.com\/index.php\/wp-json\/wp\/v2\/media?parent=51"}],"curies":[{"name":"wp","href":"https:\/\/api.w.org\/{rel}","templated":true}]}}