{"id":286,"date":"2013-08-08T19:41:01","date_gmt":"2013-08-08T19:41:01","guid":{"rendered":"http:\/\/www.escueladerespiracion.com\/?page_id=286"},"modified":"2018-08-07T09:38:40","modified_gmt":"2018-08-07T08:38:40","slug":"enlaces","status":"publish","type":"page","link":"https:\/\/www.escueladerespiracion.com\/index.php\/enlaces\/","title":{"rendered":"Enlaces"},"content":{"rendered":"<p>[vc_row][vc_column width=&#8221;1\/2&#8243;][vc_tta_accordion style=&#8221;outline&#8221; color=&#8221;blue&#8221; spacing=&#8221;2&#8243; gap=&#8221;5&#8243; c_icon=&#8221;chevron&#8221; active_section=&#8221;1&#8243; no_fill=&#8221;true&#8221;][vc_tta_section title=&#8221;Revistas sobre Respiraci\u00f3n&#8221; tab_id=&#8221;1528297049546-94e36b40-15b4&#8243;][vc_column_text]<\/p>\n<ul>\n<li><a href=\"http:\/\/www.escueladerespiracion.com\/revista-respiracion\/\" target=\"_blank\" rel=\"noopener\">Revista Respiraci\u00f3n<\/a><\/li>\n<li><a href=\"http:\/\/www.breathe-mag.co.uk\/\" target=\"_blank\" rel=\"noopener\">Revista Breath<\/a><\/li>\n<\/ul>\n<p>[\/vc_column_text][\/vc_tta_section][vc_tta_section title=&#8221;Organizaciones Internacionales y renacedores pioneros:&#8221; tab_id=&#8221;1528297049590-72605691-2b52&#8243;][vc_column_text]<\/p>\n<ul>\n<li><a href=\"http:\/\/www.ibfnetwork.com\" target=\"_blank\" rel=\"noopener\">http:\/\/www.ibfnetwork.com<\/a> \u2014 I.B.F.(International Breathwork Foundation)<\/li>\n<li><a href=\"http:\/\/www.breathworkalliance.org\" target=\"_blank\" rel=\"noopener\">http:\/\/www.breathworkalliance.com<\/a><\/li>\n<li><a href=\"http:\/\/www.bobmandel.com\" target=\"_blank\" rel=\"noopener\">http:\/\/www.bobmande<\/a><a href=\"http:\/\/www.bobmandel.com\" target=\"_blank\" rel=\"noopener\">l.com<\/a><\/li>\n<li><a href=\"http:\/\/www.sondraray.com\" target=\"_blank\" rel=\"noopener\">http:\/\/www.sondraray.com<\/a><\/li>\n<li><a href=\"http:\/\/www.leonardorr.com\" target=\"_blank\" rel=\"noopener\">http:\/\/www.leonardorr.com<\/a>\u00a0\u2014 El fundador del Rebirthing<\/li>\n<\/ul>\n<p>[\/vc_column_text][\/vc_tta_section][vc_tta_section title=&#8221;Escuelas y renacedores en espa\u00f1ol&#8221; tab_id=&#8221;1528297389837-23947aa5-0f74&#8243;][vc_column_text]<\/p>\n<ul>\n<li><a href=\"http:\/\/www.adscentre.org\/\" target=\"_blank\" rel=\"noopener\">http:\/\/www.adscentre.org<\/a><\/li>\n<li><a href=\"http:\/\/www.marialuisabecerra.com\" target=\"_blank\" rel=\"noopener\">http:\/\/www.marialuisabecerra.com<\/a><\/li>\n<li><a href=\"http:\/\/www.puravidatenerife.com\/es\/\" target=\"_blank\" rel=\"noopener\">http:\/\/www.puravidatenerife.com<\/a><\/li>\n<li><a href=\"http:\/\/www.conexionconsciente.com\" target=\"_blank\" rel=\"noopener\">http:\/\/www.conexionconsciente.com<\/a><\/li>\n<li><a href=\"http:\/\/www.rebirthing-mariarosarodicio.com\/\" target=\"_blank\" rel=\"noopener\">http:\/\/www.rebirthing-mariarosarodicio.com<\/a><\/li>\n<\/ul>\n<p>[\/vc_column_text][\/vc_tta_section][vc_tta_section title=&#8221;Otros renacedores y escuelas internacionales&#8221; tab_id=&#8221;1528297442558-31c2ae05-2942&#8243;][vc_column_text]<\/p>\n<ul>\n<li><a href=\"http:\/\/www.i-breathe.com\" target=\"_blank\" rel=\"noopener\">http:\/\/www.i-breathe.com<\/a><\/li>\n<li><a href=\"http:\/\/www.breathwork.it\" target=\"_blank\" rel=\"noopener\">http:\/\/www.breathwork.it<\/a><\/li>\n<li><a href=\"http:\/\/www.breathmastery.com\" target=\"_blank\" rel=\"noopener\">http:\/\/www.breathmastery.com<\/a><\/li>\n<li><a href=\"http:\/\/www.philadelphiarebirthing.com\" target=\"_blank\" rel=\"noopener\">http:\/\/www.philadelphiarebirthing.com<\/a><\/li>\n<\/ul>\n<p>[\/vc_column_text][\/vc_tta_section][\/vc_tta_accordion][\/vc_column][vc_column width=&#8221;1\/2&#8243;][vc_tta_accordion style=&#8221;outline&#8221; color=&#8221;blue&#8221; spacing=&#8221;2&#8243; c_icon=&#8221;chevron&#8221; active_section=&#8221;1&#8243; no_fill=&#8221;true&#8221;][vc_tta_section title=&#8221;\u2022 V\u00ednculos directos con art\u00edculos sobre Rebirthing que aparecen en diferentes p\u00e1ginas o revistas de inter\u00e9s.&#8221; tab_id=&#8221;1528297377362-e213f7b5-bdcd&#8221;][vc_column_text]<\/p>\n<ul>\n<li><a href=\"http:\/\/www.nuevoser.com\/nota18.htm\" target=\"_blank\" rel=\"noopener\">http:\/\/www.nuevoser.com\/nota18.htm<\/a><\/li>\n<li><a href=\"http:\/\/elevated.freeyellow.com\/page13.html\" target=\"_blank\" rel=\"noopener\">http:\/\/elevated.freeyellow.com\/page13.html<\/a><\/li>\n<\/ul>\n<p>[\/vc_column_text][\/vc_tta_section][vc_tta_section title=&#8221;Vivation, Holotr\u00f3pica y otras t\u00e9cnicas de respiraci\u00f3n&#8221; tab_id=&#8221;1528297377441-9ac86a21-e83a&#8221;][vc_column_text]<a href=\"http:\/\/www.vivation.com\" target=\"_blank\" rel=\"noopener\">http:\/\/www.vivation.com<\/a><\/p>\n<p><a href=\"http:\/\/www.holotropic.com\/%20\" target=\"_blank\" rel=\"noopener\">http:\/\/www.holotropic.com<\/a><\/p>\n<p><a href=\"http:\/\/breathwork.com\" target=\"_blank\" rel=\"noopener\">http:\/\/breathwork.com<\/a><\/p>\n<p><a href=\"http:\/\/www.theartofbreathing.com\" target=\"_blank\" rel=\"noopener\">http:\/\/www.theartofbreathing.com<\/a><\/p>\n<p><a href=\"http:\/\/www.breathwork.be\" target=\"_blank\" rel=\"noopener\">http:\/\/www.breathwork.be<\/a><\/p>\n<p><a href=\"http:\/\/www.about-breathing.com\" target=\"_blank\" rel=\"noopener\">http:\/\/www.about-breathing.com<\/a>[\/vc_column_text][\/vc_tta_section][vc_tta_section title=&#8221;Embarazo y nacimiento&#8221; tab_id=&#8221;1528297646831-5bd5137e-5d72&#8243;][vc_column_text]<\/p>\n<ul>\n<li><a href=\"http:\/\/www.obstare.com\/%20\" target=\"_blank\" rel=\"noopener\">http:\/\/www.obstare.com<\/a><\/li>\n<li><a href=\"http:\/\/ www.pangea.org\/pdn\" target=\"_blank\" rel=\"noopener\">http:\/\/www.pangea.org<\/a><\/li>\n<li><a href=\"http:\/\/www.ecstaticbirth.com\" target=\"_blank\" rel=\"noopener\">http:\/\/www.ecstaticbirth.com<\/a><\/li>\n<li><a href=\"http:\/\/www.birthpsychology.com\" target=\"_blank\" rel=\"noopener\">http:\/\/www.birthpsychology.com<\/a><\/li>\n<\/ul>\n<p>[\/vc_column_text][\/vc_tta_section][vc_tta_section title=&#8221;Otros enlaces de inter\u00e9s&#8221; tab_id=&#8221;1528297710008-e60b1721-2588&#8243;][vc_column_text]<\/p>\n<ul>\n<li><a href=\"http:\/\/www.babaji.net\" target=\"_blank\" rel=\"noopener\">http:\/\/www.babaji.net<\/a><\/li>\n<li><a href=\"http:\/\/www.miraclecenter.org\" target=\"_blank\" rel=\"noopener\">http:\/\/www.miraclecenter.org<\/a><\/li>\n<li><a href=\"http:\/\/www.marianne.com\" target=\"_blank\" rel=\"noopener\">http:\/\/www.marianne.com<\/a><\/li>\n<li><a href=\"http:\/\/www.osho.com\" target=\"_blank\" rel=\"noopener\">http:\/\/www.osho.com<\/a><\/li>\n<li><a href=\"http:\/\/www.yogananda-srf.org\" target=\"_blank\" rel=\"noopener\">http:\/\/www.yogananda-srf.org<\/a><\/li>\n<li><a href=\"http:\/\/www.kundalini.se\/eng\" target=\"_blank\" rel=\"noopener\">http:\/\/www.kundalini.se\/eng<\/a><\/li>\n<li><a href=\"http:\/\/www.jasmuheen.com\" target=\"_blank\" rel=\"noopener\">http:\/\/www.jasmuheen.com<\/a><\/li>\n<\/ul>\n<p>[\/vc_column_text][\/vc_tta_section][vc_tta_section title=&#8221;Portales de terapias naturales&#8221; tab_id=&#8221;1528297776486-f12c6b9f-2f48&#8243;][vc_column_text]<\/p>\n<ul>\n<li><a title=\"http:\/\/www.sanamente.net\" href=\"http:\/\/www.sanamente.net\" target=\"_blank\" rel=\"noopener\">http:\/\/www.sanamente.net<\/a><\/li>\n<li><a href=\"http:\/\/esencialia.com\" target=\"_blank\" rel=\"noopener\">http:\/\/esencialia.com<\/a><\/li>\n<\/ul>\n<p>[\/vc_column_text][\/vc_tta_section][\/vc_tta_accordion][\/vc_column][\/vc_row]<\/p>\n","protected":false},"excerpt":{"rendered":"<p>[vc_row][vc_column width=&#8221;1\/2&#8243;][vc_tta_accordion style=&#8221;outline&#8221; color=&#8221;blue&#8221; spacing=&#8221;2&#8243; gap=&#8221;5&#8243; c_icon=&#8221;chevron&#8221; active_section=&#8221;1&#8243; no_fill=&#8221;true&#8221;][vc_tta_section title=&#8221;Revistas sobre Respiraci\u00f3n&#8221; tab_id=&#8221;1528297049546-94e36b40-15b4&#8243;][vc_column_text] Revista Respiraci\u00f3n Revista Breath [\/vc_column_text][\/vc_tta_section][vc_tta_section title=&#8221;Organizaciones Internacionales y renacedores pioneros:&#8221; tab_id=&#8221;1528297049590-72605691-2b52&#8243;][vc_column_text] http:\/\/www.ibfnetwork.com \u2014 I.B.F.(International Breathwork Foundation) http:\/\/www.breathworkalliance.com http:\/\/www.bobmandel.com http:\/\/www.sondraray.com http:\/\/www.leonardorr.com\u00a0\u2014 El fundador del Rebirthing [\/vc_column_text][\/vc_tta_section][vc_tta_section title=&#8221;Escuelas y renacedores en espa\u00f1ol&#8221; tab_id=&#8221;1528297389837-23947aa5-0f74&#8243;][vc_column_text] http:\/\/www.adscentre.org http:\/\/www.marialuisabecerra.com http:\/\/www.puravidatenerife.com http:\/\/www.conexionconsciente.com http:\/\/www.rebirthing-mariarosarodicio.com [\/vc_column_text][\/vc_tta_section][vc_tta_section title=&#8221;Otros renacedores y escuelas internacionales&#8221;&#8230;<\/p>\n","protected":false},"author":1,"featured_media":0,"parent":0,"menu_order":5,"comment_status":"closed","ping_status":"open","template":"","meta":[],"acf":[],"_links":{"self":[{"href":"https:\/\/www.escueladerespiracion.com\/index.php\/wp-json\/wp\/v2\/pages\/286"}],"collection":[{"href":"https:\/\/www.escueladerespiracion.com\/index.php\/wp-json\/wp\/v2\/pages"}],"about":[{"href":"https:\/\/www.escueladerespiracion.com\/index.php\/wp-json\/wp\/v2\/types\/page"}],"author":[{"embeddable":true,"href":"https:\/\/www.escueladerespiracion.com\/index.php\/wp-json\/wp\/v2\/users\/1"}],"replies":[{"embeddable":true,"href":"https:\/\/www.escueladerespiracion.com\/index.php\/wp-json\/wp\/v2\/comments?post=286"}],"version-history":[{"count":15,"href":"https:\/\/www.escueladerespiracion.com\/index.php\/wp-json\/wp\/v2\/pages\/286\/revisions"}],"predecessor-version":[{"id":6349,"href":"https:\/\/www.escueladerespiracion.com\/index.php\/wp-json\/wp\/v2\/pages\/286\/revisions\/6349"}],"wp:attachment":[{"href":"https:\/\/www.escueladerespiracion.com\/index.php\/wp-json\/wp\/v2\/media?parent=286"}],"curies":[{"name":"wp","href":"https:\/\/api.w.org\/{rel}","templated":true}]}}