{"id":209,"date":"2013-08-08T16:49:46","date_gmt":"2013-08-08T16:49:46","guid":{"rendered":"http:\/\/www.escueladerespiracion.com\/?page_id=209"},"modified":"2018-07-20T12:41:57","modified_gmt":"2018-07-20T11:41:57","slug":"ejercicios","status":"publish","type":"page","link":"https:\/\/www.escueladerespiracion.com\/index.php\/respiracion\/ejercicios\/","title":{"rendered":"Ejercicios"},"content":{"rendered":"<p>[vc_row][vc_column][vc_custom_heading text=&#8221;EJERCICIO DE RESPIRACI\u00d3N PARA EMPEZAR 20 RESPIRACIONES CONECTADAS (VRC) &#8221; font_container=&#8221;tag:h2|text_align:center|color:%234858e2&#8243; use_theme_fonts=&#8221;yes&#8221;][\/vc_column][\/vc_row][vc_row][vc_column][vc_column_text][\/vc_column_text][vc_single_image image=&#8221;218&#8243; img_size=&#8221;full&#8221; alignment=&#8221;center&#8221; style=&#8221;vc_box_shadow_3d&#8221;][vc_empty_space height=&#8221;20px&#8221;][vc_column_text]<strong><br \/>\n<\/strong><strong>Inspira y espira por la nariz<\/strong><\/p>\n<p><strong><span class=\"azul_normal\">1.<\/span> Toma cuatro respiraciones cortas.<\/strong><br \/>\n<strong> <span class=\"azul_normal\">2.<\/span> Luego una larga.<\/strong><br \/>\n<strong> <span class=\"azul_normal\">3.<\/span> Cuatro respiraciones cortas y una larga, cuatro veces, sin parar.<\/strong><\/p>\n<p><strong>Notas<\/strong>:<br \/>\n&#8211;\u00a0 Une la inhalaci\u00f3n a la exhalaci\u00f3n en un c\u00edrculo continuo.<br \/>\n&#8211;\u00a0 Las veinte respiraciones deben estar conectadas.<br \/>\n&#8211;\u00a0 No hay que retener la inhalaci\u00f3n ni forzar la exhalaci\u00f3n.<br \/>\n&#8211;\u00a0 La respiraci\u00f3n debe ser natural. No hay que tratar de forzarla ni controlarla.<br \/>\n&#8211;\u00a0 El ritmo de la respiraci\u00f3n debe ser fluido.<br \/>\n&#8211;\u00a0 Puedes tomar consciencia de que est\u00e1s respirando energ\u00eda.<\/p>\n<p><strong>Prop\u00f3sito del ejercicio<\/strong>:<br \/>\n&#8211;\u00a0 Es un ejercicio totalmente inofensivo y seguro. Es bueno para tu salud.<br \/>\n&#8211;\u00a0 El prop\u00f3sito de las respiraciones cortas es enfatizar la conexi\u00f3n y la uni\u00f3n de la inhalaci\u00f3n con la exhalaci\u00f3n en un c\u00edrculo completo ininterrumpido.<br \/>\n&#8211;\u00a0 El prop\u00f3sito de la respiraci\u00f3n larga es llenar de aire el mayor espacio posible en la inhalaci\u00f3n y dejarte ir completamente en la exhalaci\u00f3n.<br \/>\n&#8211;\u00a0 Algunas personas tienen mareos, sensaci\u00f3n de hormigueo en las manos, est\u00f3mago y otros lugares. La gente que tiene pocos h\u00e1bitos de respiraci\u00f3n experimenta sensaciones raras o inusuales cuando respira conectadamente.<br \/>\n&#8211;\u00a0 Si haces este ejercicio todos los d\u00edas, notar\u00e1s que las sensaciones f\u00edsicas son diferentes cada d\u00eda. Esto significa que estas aprendiendo a respirar.[\/vc_column_text][vc_empty_space][vc_column_text]<\/p>\n<hr \/>\n<p>&nbsp;<\/p>\n<p><a href=\"http:\/\/www.escueladerespiracion.com\/wp-content\/uploads\/Respiracion.mp3\"><img loading=\"lazy\" class=\"size-full wp-image-230 alignleft\" src=\"http:\/\/www.escueladerespiracion.com\/wp-content\/uploads\/mp3.png\" alt=\"mp3\" width=\"50\" height=\"50\" \/><\/a><br \/>\nUna pr\u00e1ctica respiratoria, con sonido.\u00a0Descarga en Mp3 (<a href=\"http:\/\/www.escueladerespiracion.com\/wp-content\/uploads\/Respiracion.mp3\">Click Aqu\u00ed<\/a>)<\/p>\n<p>&nbsp;<\/p>\n<hr \/>\n<p>&nbsp;<\/p>\n<p><a href=\"http:\/\/www.doasone.com\/\" target=\"_blank\" rel=\"noopener\"><img loading=\"lazy\" class=\"size-full wp-image-242 alignleft\" src=\"http:\/\/www.escueladerespiracion.com\/wp-content\/uploads\/doasone.jpg\" alt=\"doasone\" width=\"50\" height=\"49\" \/><\/a><span class=\"azul_normal\"><br \/>\nDoAsOne<\/span> Respira con m\u00e1s personas del Planeta (<a href=\"http:\/\/www.doasone.com\/\" target=\"_blank\" rel=\"noopener\">Click Aqu\u00ed<\/a>)<\/p>\n<p>&nbsp;<\/p>\n<p>[\/vc_column_text][vc_empty_space][\/vc_column][\/vc_row][vc_row][vc_column][\/vc_column][\/vc_row]<\/p>\n","protected":false},"excerpt":{"rendered":"<p>[vc_row][vc_column][vc_custom_heading text=&#8221;EJERCICIO DE RESPIRACI\u00d3N PARA EMPEZAR 20 RESPIRACIONES CONECTADAS (VRC) &#8221; font_container=&#8221;tag:h2|text_align:center|color:%234858e2&#8243; use_theme_fonts=&#8221;yes&#8221;][\/vc_column][\/vc_row][vc_row][vc_column][vc_column_text][\/vc_column_text][vc_single_image image=&#8221;218&#8243; img_size=&#8221;full&#8221; alignment=&#8221;center&#8221; style=&#8221;vc_box_shadow_3d&#8221;][vc_empty_space height=&#8221;20px&#8221;][vc_column_text] Inspira y espira por la nariz 1. Toma cuatro respiraciones cortas. 2. Luego una larga. 3. Cuatro respiraciones cortas y una larga, cuatro veces, sin parar. Notas: &#8211;\u00a0 Une la inhalaci\u00f3n a la exhalaci\u00f3n en un c\u00edrculo&#8230;<\/p>\n","protected":false},"author":1,"featured_media":0,"parent":12,"menu_order":3,"comment_status":"closed","ping_status":"open","template":"","meta":[],"acf":[],"_links":{"self":[{"href":"https:\/\/www.escueladerespiracion.com\/index.php\/wp-json\/wp\/v2\/pages\/209"}],"collection":[{"href":"https:\/\/www.escueladerespiracion.com\/index.php\/wp-json\/wp\/v2\/pages"}],"about":[{"href":"https:\/\/www.escueladerespiracion.com\/index.php\/wp-json\/wp\/v2\/types\/page"}],"author":[{"embeddable":true,"href":"https:\/\/www.escueladerespiracion.com\/index.php\/wp-json\/wp\/v2\/users\/1"}],"replies":[{"embeddable":true,"href":"https:\/\/www.escueladerespiracion.com\/index.php\/wp-json\/wp\/v2\/comments?post=209"}],"version-history":[{"count":56,"href":"https:\/\/www.escueladerespiracion.com\/index.php\/wp-json\/wp\/v2\/pages\/209\/revisions"}],"predecessor-version":[{"id":5876,"href":"https:\/\/www.escueladerespiracion.com\/index.php\/wp-json\/wp\/v2\/pages\/209\/revisions\/5876"}],"up":[{"embeddable":true,"href":"https:\/\/www.escueladerespiracion.com\/index.php\/wp-json\/wp\/v2\/pages\/12"}],"wp:attachment":[{"href":"https:\/\/www.escueladerespiracion.com\/index.php\/wp-json\/wp\/v2\/media?parent=209"}],"curies":[{"name":"wp","href":"https:\/\/api.w.org\/{rel}","templated":true}]}}